{"id":2021,"date":"2021-05-18T11:19:04","date_gmt":"2021-05-18T09:19:04","guid":{"rendered":"https:\/\/www.campodetejada.es\/?post_type=product&#038;p=2021"},"modified":"2024-09-30T17:07:16","modified_gmt":"2024-09-30T15:07:16","slug":"pack-6-x-1kg-de-garbanzo-de-escacena-extra-ecologico","status":"publish","type":"product","link":"https:\/\/www.campodetejada.es\/en\/producto\/pack-6-x-1kg-de-garbanzo-de-escacena-extra-ecologico\/","title":{"rendered":"Pack 6 x 1kg de Garbanzo de Escacena Extra Ecol\u00f3gico"},"content":{"rendered":"","protected":false},"excerpt":{"rendered":"","protected":false},"featured_media":2068,"comment_status":"closed","ping_status":"closed","template":"","meta":[],"product_brand":[],"product_cat":[32,27,29],"product_tag":[],"class_list":{"0":"post-2021","1":"product","2":"type-product","3":"status-publish","4":"has-post-thumbnail","6":"product_cat-ecologico","7":"product_cat-garbanzos","8":"product_cat-pack","10":"first","11":"instock","12":"taxable","13":"shipping-taxable","14":"product-type-external"},"yoast_head":"<!-- This site is optimized with the Yoast SEO plugin v24.6 - https:\/\/yoast.com\/wordpress\/plugins\/seo\/ -->\n<title>Pack 6 x 1kg de Garbanzo de Escacena Extra Ecol\u00f3gico - Cooperativa Campo de Tejada<\/title>\n<meta name=\"description\" content=\"Comercializadora de productos agr\u00edcolas: cereales, oleaginosas, leguminosas, etc. Pack 6 x 1kg de Garbanzo de Escacena Extra Ecol\u00f3gico. Cooperativa Campo de Tejada, Escacena del Campo (Huelva).\" \/>\n<meta name=\"robots\" content=\"index, follow, max-snippet:-1, max-image-preview:large, max-video-preview:-1\" \/>\n<link rel=\"canonical\" href=\"https:\/\/www.campodetejada.es\/en\/producto\/pack-6-x-1kg-de-garbanzo-de-escacena-extra-ecologico\/\" \/>\n<meta property=\"og:locale\" content=\"en_US\" \/>\n<meta property=\"og:type\" content=\"article\" \/>\n<meta property=\"og:title\" content=\"Pack 6 x 1kg de Garbanzo de Escacena Extra Ecol\u00f3gico - Cooperativa Campo de Tejada\" \/>\n<meta property=\"og:description\" content=\"Comercializadora de productos agr\u00edcolas: cereales, oleaginosas, leguminosas, etc. Pack 6 x 1kg de Garbanzo de Escacena Extra Ecol\u00f3gico. Cooperativa Campo de Tejada, Escacena del Campo (Huelva).\" \/>\n<meta property=\"og:url\" content=\"https:\/\/www.campodetejada.es\/en\/producto\/pack-6-x-1kg-de-garbanzo-de-escacena-extra-ecologico\/\" \/>\n<meta property=\"og:site_name\" content=\"Campo de Tejada\" \/>\n<meta property=\"article:publisher\" content=\"https:\/\/www.facebook.com\/campodetejada\/\" \/>\n<meta property=\"article:modified_time\" content=\"2024-09-30T15:07:16+00:00\" \/>\n<meta property=\"og:image\" content=\"https:\/\/www.campodetejada.es\/wp-content\/uploads\/2021\/05\/1kx6sacos_ECO.jpg\" \/>\n\t<meta property=\"og:image:width\" content=\"800\" \/>\n\t<meta property=\"og:image:height\" content=\"800\" \/>\n\t<meta property=\"og:image:type\" content=\"image\/jpeg\" \/>\n<meta name=\"twitter:card\" content=\"summary_large_image\" \/>\n<script type=\"application\/ld+json\" class=\"yoast-schema-graph\">{\"@context\":\"https:\/\/schema.org\",\"@graph\":[{\"@type\":\"WebPage\",\"@id\":\"https:\/\/www.campodetejada.es\/en\/producto\/pack-6-x-1kg-de-garbanzo-de-escacena-extra-ecologico\/\",\"url\":\"https:\/\/www.campodetejada.es\/en\/producto\/pack-6-x-1kg-de-garbanzo-de-escacena-extra-ecologico\/\",\"name\":\"Pack 6 x 1kg de Garbanzo de Escacena Extra Ecol\u00f3gico - Cooperativa Campo de Tejada\",\"isPartOf\":{\"@id\":\"https:\/\/www.campodetejada.es\/en\/#website\"},\"primaryImageOfPage\":{\"@id\":\"https:\/\/www.campodetejada.es\/en\/producto\/pack-6-x-1kg-de-garbanzo-de-escacena-extra-ecologico\/#primaryimage\"},\"image\":{\"@id\":\"https:\/\/www.campodetejada.es\/producto\/pack-6-x-1kg-de-garbanzo-de-escacena-extra-ecologico\/#primaryimage\"},\"thumbnailUrl\":\"https:\/\/www.campodetejada.es\/wp-content\/uploads\/2021\/05\/1kx6sacos_ECO.jpg\",\"datePublished\":\"2021-05-18T09:19:04+00:00\",\"dateModified\":\"2024-09-30T15:07:16+00:00\",\"description\":\"Comercializadora de productos agr\u00edcolas: cereales, oleaginosas, leguminosas, etc. Pack 6 x 1kg de Garbanzo de Escacena Extra Ecol\u00f3gico. Cooperativa Campo de Tejada, Escacena del Campo (Huelva).\",\"breadcrumb\":{\"@id\":\"https:\/\/www.campodetejada.es\/en\/producto\/pack-6-x-1kg-de-garbanzo-de-escacena-extra-ecologico\/#breadcrumb\"},\"inLanguage\":\"en-US\",\"potentialAction\":[{\"@type\":\"ReadAction\",\"target\":[[\"https:\/\/www.campodetejada.es\/en\/producto\/pack-6-x-1kg-de-garbanzo-de-escacena-extra-ecologico\/\"]]}]},{\"@type\":\"ImageObject\",\"inLanguage\":\"en-US\",\"@id\":\"https:\/\/www.campodetejada.es\/en\/producto\/pack-6-x-1kg-de-garbanzo-de-escacena-extra-ecologico\/#primaryimage\",\"url\":\"https:\/\/www.campodetejada.es\/wp-content\/uploads\/2021\/05\/1kx6sacos_ECO.jpg\",\"contentUrl\":\"https:\/\/www.campodetejada.es\/wp-content\/uploads\/2021\/05\/1kx6sacos_ECO.jpg\",\"width\":800,\"height\":800},{\"@type\":\"BreadcrumbList\",\"@id\":\"https:\/\/www.campodetejada.es\/en\/producto\/pack-6-x-1kg-de-garbanzo-de-escacena-extra-ecologico\/#breadcrumb\",\"itemListElement\":[{\"@type\":\"ListItem\",\"position\":1,\"name\":\"Portada\",\"item\":\"https:\/\/www.campodetejada.es\/en\/\"},{\"@type\":\"ListItem\",\"position\":2,\"name\":\"Tienda online\",\"item\":\"https:\/\/www.campodetejada.es\/en\/tienda-online\/\"},{\"@type\":\"ListItem\",\"position\":3,\"name\":\"Pack 6 x 1kg de Garbanzo de Escacena Extra Ecol\u00f3gico\"}]},{\"@type\":\"WebSite\",\"@id\":\"https:\/\/www.campodetejada.es\/en\/#website\",\"url\":\"https:\/\/www.campodetejada.es\/en\/\",\"name\":\"Campo de Tejada\",\"description\":\"Sociedad Cooperativa Andaluza\",\"publisher\":{\"@id\":\"https:\/\/www.campodetejada.es\/en\/#organization\"},\"potentialAction\":[{\"@type\":\"SearchAction\",\"target\":{\"@type\":\"EntryPoint\",\"urlTemplate\":\"https:\/\/www.campodetejada.es\/en\/?s={search_term_string}\"},\"query-input\":{\"@type\":\"PropertyValueSpecification\",\"valueRequired\":true,\"valueName\":\"search_term_string\"}}],\"inLanguage\":\"en-US\"},{\"@type\":\"Organization\",\"@id\":\"https:\/\/www.campodetejada.es\/en\/#organization\",\"name\":\"Campo de Tejada\",\"url\":\"https:\/\/www.campodetejada.es\/en\/\",\"logo\":{\"@type\":\"ImageObject\",\"inLanguage\":\"en-US\",\"@id\":\"https:\/\/www.campodetejada.es\/en\/#\/schema\/logo\/image\/\",\"url\":\"https:\/\/www.campodetejada.es\/wp-content\/uploads\/2016\/12\/logo-campo.png\",\"contentUrl\":\"https:\/\/www.campodetejada.es\/wp-content\/uploads\/2016\/12\/logo-campo.png\",\"width\":453,\"height\":106,\"caption\":\"Campo de Tejada\"},\"image\":{\"@id\":\"https:\/\/www.campodetejada.es\/en\/#\/schema\/logo\/image\/\"},\"sameAs\":[\"https:\/\/www.facebook.com\/campodetejada\/\"]}]}<\/script>\n<!-- \/ Yoast SEO plugin. -->","yoast_head_json":{"title":"Pack 6 x 1kg de Garbanzo de Escacena Extra Ecol\u00f3gico - Cooperativa Campo de Tejada","description":"Comercializadora de productos agr\u00edcolas: cereales, oleaginosas, leguminosas, etc. Pack 6 x 1kg de Garbanzo de Escacena Extra Ecol\u00f3gico. Cooperativa Campo de Tejada, Escacena del Campo (Huelva).","robots":{"index":"index","follow":"follow","max-snippet":"max-snippet:-1","max-image-preview":"max-image-preview:large","max-video-preview":"max-video-preview:-1"},"canonical":"https:\/\/www.campodetejada.es\/en\/producto\/pack-6-x-1kg-de-garbanzo-de-escacena-extra-ecologico\/","og_locale":"en_US","og_type":"article","og_title":"Pack 6 x 1kg de Garbanzo de Escacena Extra Ecol\u00f3gico - Cooperativa Campo de Tejada","og_description":"Comercializadora de productos agr\u00edcolas: cereales, oleaginosas, leguminosas, etc. Pack 6 x 1kg de Garbanzo de Escacena Extra Ecol\u00f3gico. Cooperativa Campo de Tejada, Escacena del Campo (Huelva).","og_url":"https:\/\/www.campodetejada.es\/en\/producto\/pack-6-x-1kg-de-garbanzo-de-escacena-extra-ecologico\/","og_site_name":"Campo de Tejada","article_publisher":"https:\/\/www.facebook.com\/campodetejada\/","article_modified_time":"2024-09-30T15:07:16+00:00","og_image":[{"width":800,"height":800,"url":"https:\/\/www.campodetejada.es\/wp-content\/uploads\/2021\/05\/1kx6sacos_ECO.jpg","type":"image\/jpeg"}],"twitter_card":"summary_large_image","schema":{"@context":"https:\/\/schema.org","@graph":[{"@type":"WebPage","@id":"https:\/\/www.campodetejada.es\/en\/producto\/pack-6-x-1kg-de-garbanzo-de-escacena-extra-ecologico\/","url":"https:\/\/www.campodetejada.es\/en\/producto\/pack-6-x-1kg-de-garbanzo-de-escacena-extra-ecologico\/","name":"Pack 6 x 1kg de Garbanzo de Escacena Extra Ecol\u00f3gico - Cooperativa Campo de Tejada","isPartOf":{"@id":"https:\/\/www.campodetejada.es\/en\/#website"},"primaryImageOfPage":{"@id":"https:\/\/www.campodetejada.es\/en\/producto\/pack-6-x-1kg-de-garbanzo-de-escacena-extra-ecologico\/#primaryimage"},"image":{"@id":"https:\/\/www.campodetejada.es\/producto\/pack-6-x-1kg-de-garbanzo-de-escacena-extra-ecologico\/#primaryimage"},"thumbnailUrl":"https:\/\/www.campodetejada.es\/wp-content\/uploads\/2021\/05\/1kx6sacos_ECO.jpg","datePublished":"2021-05-18T09:19:04+00:00","dateModified":"2024-09-30T15:07:16+00:00","description":"Comercializadora de productos agr\u00edcolas: cereales, oleaginosas, leguminosas, etc. Pack 6 x 1kg de Garbanzo de Escacena Extra Ecol\u00f3gico. Cooperativa Campo de Tejada, Escacena del Campo (Huelva).","breadcrumb":{"@id":"https:\/\/www.campodetejada.es\/en\/producto\/pack-6-x-1kg-de-garbanzo-de-escacena-extra-ecologico\/#breadcrumb"},"inLanguage":"en-US","potentialAction":[{"@type":"ReadAction","target":[["https:\/\/www.campodetejada.es\/en\/producto\/pack-6-x-1kg-de-garbanzo-de-escacena-extra-ecologico\/"]]}]},{"@type":"ImageObject","inLanguage":"en-US","@id":"https:\/\/www.campodetejada.es\/en\/producto\/pack-6-x-1kg-de-garbanzo-de-escacena-extra-ecologico\/#primaryimage","url":"https:\/\/www.campodetejada.es\/wp-content\/uploads\/2021\/05\/1kx6sacos_ECO.jpg","contentUrl":"https:\/\/www.campodetejada.es\/wp-content\/uploads\/2021\/05\/1kx6sacos_ECO.jpg","width":800,"height":800},{"@type":"BreadcrumbList","@id":"https:\/\/www.campodetejada.es\/en\/producto\/pack-6-x-1kg-de-garbanzo-de-escacena-extra-ecologico\/#breadcrumb","itemListElement":[{"@type":"ListItem","position":1,"name":"Portada","item":"https:\/\/www.campodetejada.es\/en\/"},{"@type":"ListItem","position":2,"name":"Tienda online","item":"https:\/\/www.campodetejada.es\/en\/tienda-online\/"},{"@type":"ListItem","position":3,"name":"Pack 6 x 1kg de Garbanzo de Escacena Extra Ecol\u00f3gico"}]},{"@type":"WebSite","@id":"https:\/\/www.campodetejada.es\/en\/#website","url":"https:\/\/www.campodetejada.es\/en\/","name":"Campo de Tejada","description":"Sociedad Cooperativa Andaluza","publisher":{"@id":"https:\/\/www.campodetejada.es\/en\/#organization"},"potentialAction":[{"@type":"SearchAction","target":{"@type":"EntryPoint","urlTemplate":"https:\/\/www.campodetejada.es\/en\/?s={search_term_string}"},"query-input":{"@type":"PropertyValueSpecification","valueRequired":true,"valueName":"search_term_string"}}],"inLanguage":"en-US"},{"@type":"Organization","@id":"https:\/\/www.campodetejada.es\/en\/#organization","name":"Campo de Tejada","url":"https:\/\/www.campodetejada.es\/en\/","logo":{"@type":"ImageObject","inLanguage":"en-US","@id":"https:\/\/www.campodetejada.es\/en\/#\/schema\/logo\/image\/","url":"https:\/\/www.campodetejada.es\/wp-content\/uploads\/2016\/12\/logo-campo.png","contentUrl":"https:\/\/www.campodetejada.es\/wp-content\/uploads\/2016\/12\/logo-campo.png","width":453,"height":106,"caption":"Campo de Tejada"},"image":{"@id":"https:\/\/www.campodetejada.es\/en\/#\/schema\/logo\/image\/"},"sameAs":["https:\/\/www.facebook.com\/campodetejada\/"]}]}},"_links":{"self":[{"href":"https:\/\/www.campodetejada.es\/en\/wp-json\/wp\/v2\/product\/2021"}],"collection":[{"href":"https:\/\/www.campodetejada.es\/en\/wp-json\/wp\/v2\/product"}],"about":[{"href":"https:\/\/www.campodetejada.es\/en\/wp-json\/wp\/v2\/types\/product"}],"replies":[{"embeddable":true,"href":"https:\/\/www.campodetejada.es\/en\/wp-json\/wp\/v2\/comments?post=2021"}],"wp:featuredmedia":[{"embeddable":true,"href":"https:\/\/www.campodetejada.es\/en\/wp-json\/wp\/v2\/media\/2068"}],"wp:attachment":[{"href":"https:\/\/www.campodetejada.es\/en\/wp-json\/wp\/v2\/media?parent=2021"}],"wp:term":[{"taxonomy":"product_brand","embeddable":true,"href":"https:\/\/www.campodetejada.es\/en\/wp-json\/wp\/v2\/product_brand?post=2021"},{"taxonomy":"product_cat","embeddable":true,"href":"https:\/\/www.campodetejada.es\/en\/wp-json\/wp\/v2\/product_cat?post=2021"},{"taxonomy":"product_tag","embeddable":true,"href":"https:\/\/www.campodetejada.es\/en\/wp-json\/wp\/v2\/product_tag?post=2021"}],"curies":[{"name":"wp","href":"https:\/\/api.w.org\/{rel}","templated":true}]}}