{"id":2009,"date":"2021-05-18T11:19:02","date_gmt":"2021-05-18T09:19:02","guid":{"rendered":"https:\/\/www.campodetejada.es\/?post_type=product&#038;p=2009"},"modified":"2024-09-30T17:05:34","modified_gmt":"2024-09-30T15:05:34","slug":"saco-1kg-de-garbanzo-extra-de-escacena","status":"publish","type":"product","link":"https:\/\/www.campodetejada.es\/en\/producto\/saco-1kg-de-garbanzo-extra-de-escacena\/","title":{"rendered":"Saco 1kg de Garbanzo Extra de Escacena"},"content":{"rendered":"<p>Presentaci\u00f3n: Saquito tela 1kg.<br \/>\nEl garbanzo de la Sociedad Cooperativa Andaluza Campo de Tejada est\u00e1 amparado bajo la Indicaci\u00f3n Geogr\u00e1fica Protegida (IGP) Garbanzo de Escacena.<br \/>\nPresenta un sabor agradable con ausencia de sabores extra\u00f1os, una textura mantecosa y poco granulosa, piel blanda y fina adherida al grano y una gran finura al paladar.<\/p>\n","protected":false},"excerpt":{"rendered":"<p>Presentaci\u00f3n: Saquito tela 1kg.<br \/>\nEl garbanzo de la Sociedad Cooperativa Andaluza Campo de Tejada est\u00e1 amparado bajo la Indicaci\u00f3n Geogr\u00e1fica Protegida (IGP) Garbanzo de Escacena.<br \/>\nPresenta un sabor agradable con ausencia de sabores extra\u00f1os, una textura mantecosa y poco granulosa, piel blanda y fina adherida al grano y una gran finura al paladar.<\/p>\n","protected":false},"featured_media":2045,"comment_status":"closed","ping_status":"closed","template":"","meta":[],"product_brand":[],"product_cat":[27,30],"product_tag":[],"class_list":{"0":"post-2009","1":"product","2":"type-product","3":"status-publish","4":"has-post-thumbnail","6":"product_cat-garbanzos","7":"product_cat-saco-de-tela","9":"first","10":"instock","11":"taxable","12":"shipping-taxable","13":"product-type-external"},"yoast_head":"<!-- This site is optimized with the Yoast SEO plugin v24.6 - https:\/\/yoast.com\/wordpress\/plugins\/seo\/ -->\n<title>Saco 1kg de Garbanzo Extra de Escacena - Cooperativa Campo de Tejada<\/title>\n<meta name=\"description\" content=\"Comercializadora de productos agr\u00edcolas: cereales, oleaginosas, leguminosas, etc. Saco 1kg de Garbanzo Extra de Escacena. Cooperativa Campo de Tejada, Escacena del Campo (Huelva).\" \/>\n<meta name=\"robots\" content=\"index, follow, max-snippet:-1, max-image-preview:large, max-video-preview:-1\" \/>\n<link rel=\"canonical\" href=\"https:\/\/www.campodetejada.es\/en\/producto\/saco-1kg-de-garbanzo-extra-de-escacena\/\" \/>\n<meta property=\"og:locale\" content=\"en_US\" \/>\n<meta property=\"og:type\" content=\"article\" \/>\n<meta property=\"og:title\" content=\"Saco 1kg de Garbanzo Extra de Escacena - Cooperativa Campo de Tejada\" \/>\n<meta property=\"og:description\" content=\"Comercializadora de productos agr\u00edcolas: cereales, oleaginosas, leguminosas, etc. Saco 1kg de Garbanzo Extra de Escacena. Cooperativa Campo de Tejada, Escacena del Campo (Huelva).\" \/>\n<meta property=\"og:url\" content=\"https:\/\/www.campodetejada.es\/en\/producto\/saco-1kg-de-garbanzo-extra-de-escacena\/\" \/>\n<meta property=\"og:site_name\" content=\"Campo de Tejada\" \/>\n<meta property=\"article:publisher\" content=\"https:\/\/www.facebook.com\/campodetejada\/\" \/>\n<meta property=\"article:modified_time\" content=\"2024-09-30T15:05:34+00:00\" \/>\n<meta property=\"og:image\" content=\"https:\/\/www.campodetejada.es\/wp-content\/uploads\/2021\/05\/1k_saco.jpg\" \/>\n\t<meta property=\"og:image:width\" content=\"800\" \/>\n\t<meta property=\"og:image:height\" content=\"800\" \/>\n\t<meta property=\"og:image:type\" content=\"image\/jpeg\" \/>\n<meta name=\"twitter:card\" content=\"summary_large_image\" \/>\n<script type=\"application\/ld+json\" class=\"yoast-schema-graph\">{\"@context\":\"https:\/\/schema.org\",\"@graph\":[{\"@type\":\"WebPage\",\"@id\":\"https:\/\/www.campodetejada.es\/en\/producto\/saco-1kg-de-garbanzo-extra-de-escacena\/\",\"url\":\"https:\/\/www.campodetejada.es\/en\/producto\/saco-1kg-de-garbanzo-extra-de-escacena\/\",\"name\":\"Saco 1kg de Garbanzo Extra de Escacena - Cooperativa Campo de Tejada\",\"isPartOf\":{\"@id\":\"https:\/\/www.campodetejada.es\/en\/#website\"},\"primaryImageOfPage\":{\"@id\":\"https:\/\/www.campodetejada.es\/en\/producto\/saco-1kg-de-garbanzo-extra-de-escacena\/#primaryimage\"},\"image\":{\"@id\":\"https:\/\/www.campodetejada.es\/producto\/saco-1kg-de-garbanzo-extra-de-escacena\/#primaryimage\"},\"thumbnailUrl\":\"https:\/\/www.campodetejada.es\/wp-content\/uploads\/2021\/05\/1k_saco.jpg\",\"datePublished\":\"2021-05-18T09:19:02+00:00\",\"dateModified\":\"2024-09-30T15:05:34+00:00\",\"description\":\"Comercializadora de productos agr\u00edcolas: cereales, oleaginosas, leguminosas, etc. Saco 1kg de Garbanzo Extra de Escacena. Cooperativa Campo de Tejada, Escacena del Campo (Huelva).\",\"breadcrumb\":{\"@id\":\"https:\/\/www.campodetejada.es\/en\/producto\/saco-1kg-de-garbanzo-extra-de-escacena\/#breadcrumb\"},\"inLanguage\":\"en-US\",\"potentialAction\":[{\"@type\":\"ReadAction\",\"target\":[[\"https:\/\/www.campodetejada.es\/en\/producto\/saco-1kg-de-garbanzo-extra-de-escacena\/\"]]}]},{\"@type\":\"ImageObject\",\"inLanguage\":\"en-US\",\"@id\":\"https:\/\/www.campodetejada.es\/en\/producto\/saco-1kg-de-garbanzo-extra-de-escacena\/#primaryimage\",\"url\":\"https:\/\/www.campodetejada.es\/wp-content\/uploads\/2021\/05\/1k_saco.jpg\",\"contentUrl\":\"https:\/\/www.campodetejada.es\/wp-content\/uploads\/2021\/05\/1k_saco.jpg\",\"width\":800,\"height\":800},{\"@type\":\"BreadcrumbList\",\"@id\":\"https:\/\/www.campodetejada.es\/en\/producto\/saco-1kg-de-garbanzo-extra-de-escacena\/#breadcrumb\",\"itemListElement\":[{\"@type\":\"ListItem\",\"position\":1,\"name\":\"Portada\",\"item\":\"https:\/\/www.campodetejada.es\/en\/\"},{\"@type\":\"ListItem\",\"position\":2,\"name\":\"Tienda online\",\"item\":\"https:\/\/www.campodetejada.es\/en\/tienda-online\/\"},{\"@type\":\"ListItem\",\"position\":3,\"name\":\"Saco 1kg de Garbanzo Extra de Escacena\"}]},{\"@type\":\"WebSite\",\"@id\":\"https:\/\/www.campodetejada.es\/en\/#website\",\"url\":\"https:\/\/www.campodetejada.es\/en\/\",\"name\":\"Campo de Tejada\",\"description\":\"Sociedad Cooperativa Andaluza\",\"publisher\":{\"@id\":\"https:\/\/www.campodetejada.es\/en\/#organization\"},\"potentialAction\":[{\"@type\":\"SearchAction\",\"target\":{\"@type\":\"EntryPoint\",\"urlTemplate\":\"https:\/\/www.campodetejada.es\/en\/?s={search_term_string}\"},\"query-input\":{\"@type\":\"PropertyValueSpecification\",\"valueRequired\":true,\"valueName\":\"search_term_string\"}}],\"inLanguage\":\"en-US\"},{\"@type\":\"Organization\",\"@id\":\"https:\/\/www.campodetejada.es\/en\/#organization\",\"name\":\"Campo de Tejada\",\"url\":\"https:\/\/www.campodetejada.es\/en\/\",\"logo\":{\"@type\":\"ImageObject\",\"inLanguage\":\"en-US\",\"@id\":\"https:\/\/www.campodetejada.es\/en\/#\/schema\/logo\/image\/\",\"url\":\"https:\/\/www.campodetejada.es\/wp-content\/uploads\/2016\/12\/logo-campo.png\",\"contentUrl\":\"https:\/\/www.campodetejada.es\/wp-content\/uploads\/2016\/12\/logo-campo.png\",\"width\":453,\"height\":106,\"caption\":\"Campo de Tejada\"},\"image\":{\"@id\":\"https:\/\/www.campodetejada.es\/en\/#\/schema\/logo\/image\/\"},\"sameAs\":[\"https:\/\/www.facebook.com\/campodetejada\/\"]}]}<\/script>\n<!-- \/ Yoast SEO plugin. -->","yoast_head_json":{"title":"Saco 1kg de Garbanzo Extra de Escacena - Cooperativa Campo de Tejada","description":"Comercializadora de productos agr\u00edcolas: cereales, oleaginosas, leguminosas, etc. Saco 1kg de Garbanzo Extra de Escacena. Cooperativa Campo de Tejada, Escacena del Campo (Huelva).","robots":{"index":"index","follow":"follow","max-snippet":"max-snippet:-1","max-image-preview":"max-image-preview:large","max-video-preview":"max-video-preview:-1"},"canonical":"https:\/\/www.campodetejada.es\/en\/producto\/saco-1kg-de-garbanzo-extra-de-escacena\/","og_locale":"en_US","og_type":"article","og_title":"Saco 1kg de Garbanzo Extra de Escacena - Cooperativa Campo de Tejada","og_description":"Comercializadora de productos agr\u00edcolas: cereales, oleaginosas, leguminosas, etc. Saco 1kg de Garbanzo Extra de Escacena. Cooperativa Campo de Tejada, Escacena del Campo (Huelva).","og_url":"https:\/\/www.campodetejada.es\/en\/producto\/saco-1kg-de-garbanzo-extra-de-escacena\/","og_site_name":"Campo de Tejada","article_publisher":"https:\/\/www.facebook.com\/campodetejada\/","article_modified_time":"2024-09-30T15:05:34+00:00","og_image":[{"width":800,"height":800,"url":"https:\/\/www.campodetejada.es\/wp-content\/uploads\/2021\/05\/1k_saco.jpg","type":"image\/jpeg"}],"twitter_card":"summary_large_image","schema":{"@context":"https:\/\/schema.org","@graph":[{"@type":"WebPage","@id":"https:\/\/www.campodetejada.es\/en\/producto\/saco-1kg-de-garbanzo-extra-de-escacena\/","url":"https:\/\/www.campodetejada.es\/en\/producto\/saco-1kg-de-garbanzo-extra-de-escacena\/","name":"Saco 1kg de Garbanzo Extra de Escacena - Cooperativa Campo de Tejada","isPartOf":{"@id":"https:\/\/www.campodetejada.es\/en\/#website"},"primaryImageOfPage":{"@id":"https:\/\/www.campodetejada.es\/en\/producto\/saco-1kg-de-garbanzo-extra-de-escacena\/#primaryimage"},"image":{"@id":"https:\/\/www.campodetejada.es\/producto\/saco-1kg-de-garbanzo-extra-de-escacena\/#primaryimage"},"thumbnailUrl":"https:\/\/www.campodetejada.es\/wp-content\/uploads\/2021\/05\/1k_saco.jpg","datePublished":"2021-05-18T09:19:02+00:00","dateModified":"2024-09-30T15:05:34+00:00","description":"Comercializadora de productos agr\u00edcolas: cereales, oleaginosas, leguminosas, etc. Saco 1kg de Garbanzo Extra de Escacena. Cooperativa Campo de Tejada, Escacena del Campo (Huelva).","breadcrumb":{"@id":"https:\/\/www.campodetejada.es\/en\/producto\/saco-1kg-de-garbanzo-extra-de-escacena\/#breadcrumb"},"inLanguage":"en-US","potentialAction":[{"@type":"ReadAction","target":[["https:\/\/www.campodetejada.es\/en\/producto\/saco-1kg-de-garbanzo-extra-de-escacena\/"]]}]},{"@type":"ImageObject","inLanguage":"en-US","@id":"https:\/\/www.campodetejada.es\/en\/producto\/saco-1kg-de-garbanzo-extra-de-escacena\/#primaryimage","url":"https:\/\/www.campodetejada.es\/wp-content\/uploads\/2021\/05\/1k_saco.jpg","contentUrl":"https:\/\/www.campodetejada.es\/wp-content\/uploads\/2021\/05\/1k_saco.jpg","width":800,"height":800},{"@type":"BreadcrumbList","@id":"https:\/\/www.campodetejada.es\/en\/producto\/saco-1kg-de-garbanzo-extra-de-escacena\/#breadcrumb","itemListElement":[{"@type":"ListItem","position":1,"name":"Portada","item":"https:\/\/www.campodetejada.es\/en\/"},{"@type":"ListItem","position":2,"name":"Tienda online","item":"https:\/\/www.campodetejada.es\/en\/tienda-online\/"},{"@type":"ListItem","position":3,"name":"Saco 1kg de Garbanzo Extra de Escacena"}]},{"@type":"WebSite","@id":"https:\/\/www.campodetejada.es\/en\/#website","url":"https:\/\/www.campodetejada.es\/en\/","name":"Campo de Tejada","description":"Sociedad Cooperativa Andaluza","publisher":{"@id":"https:\/\/www.campodetejada.es\/en\/#organization"},"potentialAction":[{"@type":"SearchAction","target":{"@type":"EntryPoint","urlTemplate":"https:\/\/www.campodetejada.es\/en\/?s={search_term_string}"},"query-input":{"@type":"PropertyValueSpecification","valueRequired":true,"valueName":"search_term_string"}}],"inLanguage":"en-US"},{"@type":"Organization","@id":"https:\/\/www.campodetejada.es\/en\/#organization","name":"Campo de Tejada","url":"https:\/\/www.campodetejada.es\/en\/","logo":{"@type":"ImageObject","inLanguage":"en-US","@id":"https:\/\/www.campodetejada.es\/en\/#\/schema\/logo\/image\/","url":"https:\/\/www.campodetejada.es\/wp-content\/uploads\/2016\/12\/logo-campo.png","contentUrl":"https:\/\/www.campodetejada.es\/wp-content\/uploads\/2016\/12\/logo-campo.png","width":453,"height":106,"caption":"Campo de Tejada"},"image":{"@id":"https:\/\/www.campodetejada.es\/en\/#\/schema\/logo\/image\/"},"sameAs":["https:\/\/www.facebook.com\/campodetejada\/"]}]}},"_links":{"self":[{"href":"https:\/\/www.campodetejada.es\/en\/wp-json\/wp\/v2\/product\/2009"}],"collection":[{"href":"https:\/\/www.campodetejada.es\/en\/wp-json\/wp\/v2\/product"}],"about":[{"href":"https:\/\/www.campodetejada.es\/en\/wp-json\/wp\/v2\/types\/product"}],"replies":[{"embeddable":true,"href":"https:\/\/www.campodetejada.es\/en\/wp-json\/wp\/v2\/comments?post=2009"}],"wp:featuredmedia":[{"embeddable":true,"href":"https:\/\/www.campodetejada.es\/en\/wp-json\/wp\/v2\/media\/2045"}],"wp:attachment":[{"href":"https:\/\/www.campodetejada.es\/en\/wp-json\/wp\/v2\/media?parent=2009"}],"wp:term":[{"taxonomy":"product_brand","embeddable":true,"href":"https:\/\/www.campodetejada.es\/en\/wp-json\/wp\/v2\/product_brand?post=2009"},{"taxonomy":"product_cat","embeddable":true,"href":"https:\/\/www.campodetejada.es\/en\/wp-json\/wp\/v2\/product_cat?post=2009"},{"taxonomy":"product_tag","embeddable":true,"href":"https:\/\/www.campodetejada.es\/en\/wp-json\/wp\/v2\/product_tag?post=2009"}],"curies":[{"name":"wp","href":"https:\/\/api.w.org\/{rel}","templated":true}]}}