{"id":28,"date":"2016-05-12T09:46:56","date_gmt":"2016-05-12T07:46:56","guid":{"rendered":"https:\/\/www.campodetejada.es\/es\/\/?page_id=28"},"modified":"2025-10-06T12:13:29","modified_gmt":"2025-10-06T10:13:29","slug":"contacto","status":"publish","type":"page","link":"https:\/\/www.campodetejada.es\/en\/contacto\/","title":{"rendered":"Contact us"},"content":{"rendered":"<p><div class=\"fusion-fullwidth fullwidth-box fusion-builder-row-3 fusion-flex-container hundred-percent-fullwidth non-hundred-percent-height-scrolling\" style=\"--awb-border-radius-top-left:0px;--awb-border-radius-top-right:0px;--awb-border-radius-bottom-right:0px;--awb-border-radius-bottom-left:0px;--awb-padding-right:0px;--awb-padding-left:0px;--awb-margin-top:0px;--awb-flex-wrap:wrap;\" ><div class=\"fusion-builder-row fusion-row fusion-flex-align-items-flex-start fusion-flex-content-wrap\" style=\"width:104% !important;max-width:104% !important;margin-left: calc(-4% \/ 2 );margin-right: calc(-4% \/ 2 );\"><div class=\"fusion-layout-column fusion_builder_column fusion-builder-column-3 fusion_builder_column_1_1 1_1 fusion-flex-column\" style=\"--awb-bg-size:cover;--awb-width-large:100%;--awb-margin-top-large:0px;--awb-spacing-right-large:1.92%;--awb-margin-bottom-large:20px;--awb-spacing-left-large:1.92%;--awb-width-medium:100%;--awb-order-medium:0;--awb-spacing-right-medium:1.92%;--awb-spacing-left-medium:1.92%;--awb-width-small:100%;--awb-order-small:0;--awb-spacing-right-small:1.92%;--awb-spacing-left-small:1.92%;\"><div class=\"fusion-column-wrapper fusion-column-has-shadow fusion-flex-justify-content-flex-start fusion-content-layout-column\">\t\t\t\t\t<script type=\"text\/javascript\">\n\t\t\t\t\t\tvar map_fusion_map_69f60b2f60fae;\n\t\t\t\t\t\tvar markers = [];\n\t\t\t\t\t\tvar counter = 0;\n\t\t\t\t\t\t\t\t\t\t\t\t\t\t\t\t\t\t\t\tvar fusionMapNonce = 'd824482c53';\n\t\t\t\t\t\t\t\t\t\t\t\tfunction fusion_run_map_fusion_map_69f60b2f60fae() {\n\t\t\t\t\t\t\tjQuery('#fusion_map_69f60b2f60fae').fusion_maps({\n\t\t\t\t\t\t\t\taddresses: [{\"address\":\"Carretera de la Estaci\\u00f3n, s\\\/n, 21870 Escacena del Campo, Huelva, Espa\\u00f1a\",\"infobox_content\":\"Carretera de la Estaci\\u00f3n, s\\\/n, 21870 Escacena del Campo, Huelva, Espa\\u00f1a\",\"marker\":\"https:\\\/\\\/www.campodetejada.es\\\/wp-content\\\/plugins\\\/fusion-builder\\\/images\\\/avada_map_marker.png\",\"coordinates\":false,\"cache\":true,\"latitude\":\"37.4089741\",\"longitude\":\"-6.3892766\"}],\n\t\t\t\t\t\t\t\tanimations: true,\n\t\t\t\t\t\t\t\tinfobox_background_color: 'rgba(97, 121, 56, 0.8)',\n\t\t\t\t\t\t\t\tinfobox_styling: 'custom',\n\t\t\t\t\t\t\t\tinfobox_text_color: '#fff',\n\t\t\t\t\t\t\t\tmap_style: 'custom',\n\t\t\t\t\t\t\t\tmap_type: 'roadmap',\n\t\t\t\t\t\t\t\tmarker_icon: 'theme',\n\t\t\t\t\t\t\t\toverlay_color: '#617938',\n\t\t\t\t\t\t\t\toverlay_color_hsl: {\"hue\":82,\"sat\":37,\"lum\":35},\n\t\t\t\t\t\t\t\tpan_control: true,\n\t\t\t\t\t\t\t\tshow_address: true,\n\t\t\t\t\t\t\t\tscale_control: true,\n\t\t\t\t\t\t\t\tscrollwheel: false,\n\t\t\t\t\t\t\t\tzoom: 13,\n\t\t\t\t\t\t\t\tzoom_control: true,\n\t\t\t\t\t\t\t});\n\t\t\t\t\t\t}\n\n\t\t\t\t\t\tgoogle.maps.event.addDomListener(window, 'load', fusion_run_map_fusion_map_69f60b2f60fae);\n\t\t\t\t\t<\/script>\n\t\t\t\t\t<div class=\"shortcode-map fusion-google-map fusion-maps-js-type\" style=\"--awb-height:400px;\" id=\"fusion_map_69f60b2f60fae\"><\/div><\/div><\/div><\/div><\/div><div class=\"fusion-fullwidth fullwidth-box fusion-builder-row-4 fusion-flex-container nonhundred-percent-fullwidth non-hundred-percent-height-scrolling\" style=\"--awb-border-radius-top-left:0px;--awb-border-radius-top-right:0px;--awb-border-radius-bottom-right:0px;--awb-border-radius-bottom-left:0px;--awb-flex-wrap:wrap;\" ><div class=\"fusion-builder-row fusion-row fusion-flex-align-items-flex-start fusion-flex-content-wrap\" style=\"max-width:1248px;margin-left: calc(-4% \/ 2 );margin-right: calc(-4% \/ 2 );\"><div class=\"fusion-layout-column fusion_builder_column fusion-builder-column-4 fusion_builder_column_1_2 1_2 fusion-flex-column\" style=\"--awb-bg-size:cover;--awb-width-large:50%;--awb-margin-top-large:0px;--awb-spacing-right-large:3.84%;--awb-margin-bottom-large:0px;--awb-spacing-left-large:3.84%;--awb-width-medium:50%;--awb-spacing-right-medium:3.84%;--awb-spacing-left-medium:3.84%;--awb-width-small:100%;--awb-spacing-right-small:1.92%;--awb-spacing-left-small:1.92%;\"><div class=\"fusion-column-wrapper fusion-flex-justify-content-flex-start fusion-content-layout-column\"><div class=\"fusion-title title fusion-title-2 fusion-sep-none fusion-title-text fusion-title-size-three\"><h3 class=\"fusion-title-heading title-heading-left\" style=\"margin:0;\">Contact us<\/h3><\/div>\n<div class=\"wpcf7 no-js\" id=\"wpcf7-f4-o2\" lang=\"es-ES\" dir=\"ltr\" data-wpcf7-id=\"4\">\n<div class=\"screen-reader-response\"><p role=\"status\" aria-live=\"polite\" aria-atomic=\"true\"><\/p> <ul><\/ul><\/div>\n<form action=\"\/en\/wp-json\/wp\/v2\/pages\/28#wpcf7-f4-o2\" method=\"post\" class=\"wpcf7-form init\" aria-label=\"Formulario de contacto\" novalidate=\"novalidate\" data-status=\"init\">\n<div style=\"display: none;\">\n<input type=\"hidden\" name=\"_wpcf7\" value=\"4\" \/>\n<input type=\"hidden\" name=\"_wpcf7_version\" value=\"6.0.4\" \/>\n<input type=\"hidden\" name=\"_wpcf7_locale\" value=\"es_ES\" \/>\n<input type=\"hidden\" name=\"_wpcf7_unit_tag\" value=\"wpcf7-f4-o2\" \/>\n<input type=\"hidden\" name=\"_wpcf7_container_post\" value=\"0\" \/>\n<input type=\"hidden\" name=\"_wpcf7_posted_data_hash\" value=\"\" \/>\n<input type=\"hidden\" name=\"_wpcf7_recaptcha_response\" value=\"\" \/>\n<\/div>\n<p><span class=\"wpcf7-form-control-wrap\" data-name=\"your-name\"><input size=\"40\" maxlength=\"400\" class=\"wpcf7-form-control wpcf7-text wpcf7-validates-as-required formulario\" aria-required=\"true\" aria-invalid=\"false\" placeholder=\"Nombre (*)\" value=\"\" type=\"text\" name=\"your-name\" \/><\/span>\n<\/p>\n<p><span class=\"wpcf7-form-control-wrap\" data-name=\"your-email\"><input size=\"40\" maxlength=\"400\" class=\"wpcf7-form-control wpcf7-email wpcf7-validates-as-required wpcf7-text wpcf7-validates-as-email formulario\" aria-required=\"true\" aria-invalid=\"false\" placeholder=\"Email (*)\" value=\"\" type=\"email\" name=\"your-email\" \/><\/span>\n<\/p>\n<p><span class=\"wpcf7-form-control-wrap\" data-name=\"tel-4\"><input size=\"40\" maxlength=\"400\" class=\"wpcf7-form-control wpcf7-tel wpcf7-text wpcf7-validates-as-tel formulario\" aria-invalid=\"false\" placeholder=\"Tel\u00e9fono\" value=\"\" type=\"tel\" name=\"tel-4\" \/><\/span>\n<\/p>\n<p><span class=\"wpcf7-form-control-wrap\" data-name=\"your-subject\"><input size=\"40\" maxlength=\"400\" class=\"wpcf7-form-control wpcf7-text formulario\" aria-invalid=\"false\" placeholder=\"Asunto\" value=\"\" type=\"text\" name=\"your-subject\" \/><\/span>\n<\/p>\n<p><span class=\"wpcf7-form-control-wrap\" data-name=\"your-message\"><textarea cols=\"40\" rows=\"6\" maxlength=\"2000\" class=\"wpcf7-form-control wpcf7-textarea formulario\" aria-invalid=\"false\" placeholder=\"Mensaje\" name=\"your-message\"><\/textarea><\/span>\n<\/p>\n<p><span class=\"wpcf7-form-control-wrap\" data-name=\"acceptance-930\"><span class=\"wpcf7-form-control wpcf7-acceptance\"><span class=\"wpcf7-list-item\"><input type=\"checkbox\" name=\"acceptance-930\" value=\"1\" aria-invalid=\"false\" \/><\/span><\/span><\/span> He le\u00eddo y acepto el <a href=\"https:\/\/www.campodetejada.es\/es\/aviso-legal\/\" target=\"_blank\">aviso legal<\/a> y la <a href=\"https:\/\/www.campodetejada.es\/es\/politica-de-privacidad\" target=\"_blank\">pol\u00edtica de privacidad<\/a>.\n<\/p>\n<p><span class=\"wpcf7-form-control-wrap\" data-name=\"acceptance-799\"><span class=\"wpcf7-form-control wpcf7-acceptance\"><span class=\"wpcf7-list-item\"><input type=\"checkbox\" name=\"acceptance-799\" value=\"1\" aria-invalid=\"false\" \/><\/span><\/span><\/span><small>Acepto que mis datos personales sean utilizados por la empresa con la finalidad del env\u00edo de comunicaciones publicitarias relacionadas con sus productos y servicios por cualquier medio (postal, email, tel\u00e9fono, etc.) as\u00ed como la invitaci\u00f3n a eventos organizados por la empresa. Los datos proporcionados se conservar\u00e1n mientras no solicite el cese de los mismos y se suprimir\u00e1n cuando los datos ya no sean necesarios para los fines que fueron recogidos.<\/small>\n<\/p>\n\n<p><input class=\"wpcf7-form-control wpcf7-submit has-spinner formulario-button\" type=\"submit\" value=\"Enviar\" \/>\n<\/p><p style=\"display: none !important;\" class=\"akismet-fields-container\" data-prefix=\"_wpcf7_ak_\"><label>&#916;<textarea name=\"_wpcf7_ak_hp_textarea\" cols=\"45\" rows=\"8\" maxlength=\"100\"><\/textarea><\/label><input type=\"hidden\" id=\"ak_js_2\" name=\"_wpcf7_ak_js\" value=\"171\"\/><script>document.getElementById( \"ak_js_2\" ).setAttribute( \"value\", ( new Date() ).getTime() );<\/script><\/p><div class=\"fusion-alert alert custom alert-custom fusion-alert-center wpcf7-response-output awb-alert-native-link-color alert-dismissable awb-alert-close-boxed\" style=\"--awb-border-size:1px;--awb-border-top-left-radius:0px;--awb-border-top-right-radius:0px;--awb-border-bottom-left-radius:0px;--awb-border-bottom-right-radius:0px;\" role=\"alert\"><div class=\"fusion-alert-content-wrapper\"><span class=\"fusion-alert-content\"><\/span><\/div><button type=\"button\" class=\"close toggle-alert\" data-dismiss=\"alert\" aria-label=\"Close\">&times;<\/button><\/div>\n<\/form>\n<\/div>\n<\/div><\/div><div class=\"fusion-layout-column fusion_builder_column fusion-builder-column-5 fusion_builder_column_1_2 1_2 fusion-flex-column\" style=\"--awb-bg-size:cover;--awb-width-large:50%;--awb-margin-top-large:0px;--awb-spacing-right-large:3.84%;--awb-margin-bottom-large:0px;--awb-spacing-left-large:3.84%;--awb-width-medium:50%;--awb-spacing-right-medium:3.84%;--awb-spacing-left-medium:3.84%;--awb-width-small:100%;--awb-spacing-right-small:1.92%;--awb-spacing-left-small:1.92%;\"><div class=\"fusion-column-wrapper fusion-flex-justify-content-flex-start fusion-content-layout-column\"><div class=\"fusion-text fusion-text-2\"><p><img decoding=\"async\" class=\"aligncenter size-full wp-image-727\" src=\"https:\/\/www.campodetejada.es\/wp-content\/uploads\/2016\/05\/logo-campo-1.png\" alt=\"Campo de Tejada - Sociedad Cooperativa Andaluza\" width=\"453\" height=\"106\" srcset=\"https:\/\/www.campodetejada.es\/wp-content\/uploads\/2016\/05\/logo-campo-1-300x70.png 300w, https:\/\/www.campodetejada.es\/wp-content\/uploads\/2016\/05\/logo-campo-1.png 453w\" sizes=\"(max-width: 453px) 100vw, 453px\" \/><\/p>\n<h4 style=\"text-align: center;\">Cooperative<\/h4>\n<p style=\"text-align: center;\">Carretera de la Estaci\u00f3n, s\/n.<br \/>\n21870 &#8211; Escacena del Campo.<br \/>\nHuelva.<\/p>\n<p style=\"text-align: center;\">Tel\u00e9fonos: <a href=\"tel:+34959423211\">959 42 32 11<\/a> &#8211; <a href=\"tel:+34959423222\">959 42 32 22<\/a><br \/>\nFax: 959 42 31 61 (Oficina t\u00e9cnica)<br \/>\nFax: 959 42 34 12 (Oficina Administraci\u00f3n)<\/p>\n<h4 style=\"text-align: center;\">Financial Services<\/h4>\n<p style=\"text-align: center;\">C\/. Rey Juan Carlos I, 38.<br \/>\n21870 &#8211; Escacena del Campo.<br \/>\nHuelva.<\/p>\n<p style=\"text-align: center;\">Tel\u00e9fono: <a href=\"tel:+34959423426\">959 42 34 26<\/a><br \/>\nFax: 959 42 34 46<\/p>\n<\/div><\/div><\/div><\/div><\/div><\/p>","protected":false},"excerpt":{"rendered":"","protected":false},"author":4,"featured_media":0,"parent":0,"menu_order":0,"comment_status":"closed","ping_status":"closed","template":"100-width.php","meta":{"footnotes":""},"class_list":["post-28","page","type-page","status-publish","hentry"],"yoast_head":"<!-- This site is optimized with the Yoast SEO plugin v24.6 - https:\/\/yoast.com\/wordpress\/plugins\/seo\/ -->\n<title>Contacta con la Cooperativa Campo de Tejada, Escacena del Campo<\/title>\n<meta name=\"description\" content=\"Comercializadora de productos agr\u00edcolas: cereales, oleaginosas, leguminosas, etc. Contact us. Cooperativa Campo de Tejada, Escacena del Campo (Huelva).\" \/>\n<meta name=\"robots\" content=\"index, follow, max-snippet:-1, max-image-preview:large, max-video-preview:-1\" \/>\n<link rel=\"canonical\" href=\"https:\/\/www.campodetejada.es\/en\/contacto\/\" \/>\n<meta property=\"og:locale\" content=\"en_US\" \/>\n<meta property=\"og:type\" content=\"article\" \/>\n<meta property=\"og:title\" content=\"Contacta con la Cooperativa Campo de Tejada, Escacena del Campo\" \/>\n<meta property=\"og:description\" content=\"Comercializadora de productos agr\u00edcolas: cereales, oleaginosas, leguminosas, etc. Contact us. Cooperativa Campo de Tejada, Escacena del Campo (Huelva).\" \/>\n<meta property=\"og:url\" content=\"https:\/\/www.campodetejada.es\/en\/contacto\/\" \/>\n<meta property=\"og:site_name\" content=\"Campo de Tejada\" \/>\n<meta property=\"article:publisher\" content=\"https:\/\/www.facebook.com\/campodetejada\/\" \/>\n<meta property=\"article:modified_time\" content=\"2025-10-06T10:13:29+00:00\" \/>\n<meta property=\"og:image\" content=\"https:\/\/www.campodetejada.es\/wp-content\/uploads\/2016\/05\/logo-campo-1.png\" \/>\n\t<meta property=\"og:image:width\" content=\"453\" \/>\n\t<meta property=\"og:image:height\" content=\"106\" \/>\n\t<meta property=\"og:image:type\" content=\"image\/png\" \/>\n<meta name=\"twitter:card\" content=\"summary_large_image\" \/>\n<meta name=\"twitter:label1\" content=\"Est. reading time\" \/>\n\t<meta name=\"twitter:data1\" content=\"14 minutes\" \/>\n<script type=\"application\/ld+json\" class=\"yoast-schema-graph\">{\"@context\":\"https:\/\/schema.org\",\"@graph\":[{\"@type\":\"WebPage\",\"@id\":\"https:\/\/www.campodetejada.es\/en\/contacto\/\",\"url\":\"https:\/\/www.campodetejada.es\/en\/contacto\/\",\"name\":\"Contacta con la Cooperativa Campo de Tejada, Escacena del Campo\",\"isPartOf\":{\"@id\":\"https:\/\/www.campodetejada.es\/en\/#website\"},\"primaryImageOfPage\":{\"@id\":\"https:\/\/www.campodetejada.es\/en\/contacto\/#primaryimage\"},\"image\":{\"@id\":\"https:\/\/www.campodetejada.es\/contacto\/#primaryimage\"},\"thumbnailUrl\":\"https:\/\/www.campodetejada.es\/wp-content\/uploads\/2016\/05\/logo-campo-1.png\",\"datePublished\":\"2016-05-12T07:46:56+00:00\",\"dateModified\":\"2025-10-06T10:13:29+00:00\",\"description\":\"Comercializadora de productos agr\u00edcolas: cereales, oleaginosas, leguminosas, etc. Contact us. Cooperativa Campo de Tejada, Escacena del Campo (Huelva).\",\"breadcrumb\":{\"@id\":\"https:\/\/www.campodetejada.es\/en\/contacto\/#breadcrumb\"},\"inLanguage\":\"en-US\",\"potentialAction\":[{\"@type\":\"ReadAction\",\"target\":[[\"https:\/\/www.campodetejada.es\/en\/contacto\/\"]]}]},{\"@type\":\"ImageObject\",\"inLanguage\":\"en-US\",\"@id\":\"https:\/\/www.campodetejada.es\/en\/contacto\/#primaryimage\",\"url\":\"https:\/\/www.campodetejada.es\/wp-content\/uploads\/2016\/05\/logo-campo-1.png\",\"contentUrl\":\"https:\/\/www.campodetejada.es\/wp-content\/uploads\/2016\/05\/logo-campo-1.png\"},{\"@type\":\"BreadcrumbList\",\"@id\":\"https:\/\/www.campodetejada.es\/en\/contacto\/#breadcrumb\",\"itemListElement\":[{\"@type\":\"ListItem\",\"position\":1,\"name\":\"Portada\",\"item\":\"https:\/\/www.campodetejada.es\/en\/\"},{\"@type\":\"ListItem\",\"position\":2,\"name\":\"Contacto\"}]},{\"@type\":\"WebSite\",\"@id\":\"https:\/\/www.campodetejada.es\/en\/#website\",\"url\":\"https:\/\/www.campodetejada.es\/en\/\",\"name\":\"Campo de Tejada\",\"description\":\"Sociedad Cooperativa Andaluza\",\"publisher\":{\"@id\":\"https:\/\/www.campodetejada.es\/en\/#organization\"},\"potentialAction\":[{\"@type\":\"SearchAction\",\"target\":{\"@type\":\"EntryPoint\",\"urlTemplate\":\"https:\/\/www.campodetejada.es\/en\/?s={search_term_string}\"},\"query-input\":{\"@type\":\"PropertyValueSpecification\",\"valueRequired\":true,\"valueName\":\"search_term_string\"}}],\"inLanguage\":\"en-US\"},{\"@type\":\"Organization\",\"@id\":\"https:\/\/www.campodetejada.es\/en\/#organization\",\"name\":\"Campo de Tejada\",\"url\":\"https:\/\/www.campodetejada.es\/en\/\",\"logo\":{\"@type\":\"ImageObject\",\"inLanguage\":\"en-US\",\"@id\":\"https:\/\/www.campodetejada.es\/en\/#\/schema\/logo\/image\/\",\"url\":\"https:\/\/www.campodetejada.es\/wp-content\/uploads\/2016\/12\/logo-campo.png\",\"contentUrl\":\"https:\/\/www.campodetejada.es\/wp-content\/uploads\/2016\/12\/logo-campo.png\",\"width\":453,\"height\":106,\"caption\":\"Campo de Tejada\"},\"image\":{\"@id\":\"https:\/\/www.campodetejada.es\/en\/#\/schema\/logo\/image\/\"},\"sameAs\":[\"https:\/\/www.facebook.com\/campodetejada\/\"]}]}<\/script>\n<!-- \/ Yoast SEO plugin. -->","yoast_head_json":{"title":"Contacta con la Cooperativa Campo de Tejada, Escacena del Campo","description":"Comercializadora de productos agr\u00edcolas: cereales, oleaginosas, leguminosas, etc. Contact us. Cooperativa Campo de Tejada, Escacena del Campo (Huelva).","robots":{"index":"index","follow":"follow","max-snippet":"max-snippet:-1","max-image-preview":"max-image-preview:large","max-video-preview":"max-video-preview:-1"},"canonical":"https:\/\/www.campodetejada.es\/en\/contacto\/","og_locale":"en_US","og_type":"article","og_title":"Contacta con la Cooperativa Campo de Tejada, Escacena del Campo","og_description":"Comercializadora de productos agr\u00edcolas: cereales, oleaginosas, leguminosas, etc. Contact us. Cooperativa Campo de Tejada, Escacena del Campo (Huelva).","og_url":"https:\/\/www.campodetejada.es\/en\/contacto\/","og_site_name":"Campo de Tejada","article_publisher":"https:\/\/www.facebook.com\/campodetejada\/","article_modified_time":"2025-10-06T10:13:29+00:00","og_image":[{"width":453,"height":106,"url":"https:\/\/www.campodetejada.es\/wp-content\/uploads\/2016\/05\/logo-campo-1.png","type":"image\/png"}],"twitter_card":"summary_large_image","twitter_misc":{"Est. reading time":"14 minutes"},"schema":{"@context":"https:\/\/schema.org","@graph":[{"@type":"WebPage","@id":"https:\/\/www.campodetejada.es\/en\/contacto\/","url":"https:\/\/www.campodetejada.es\/en\/contacto\/","name":"Contacta con la Cooperativa Campo de Tejada, Escacena del Campo","isPartOf":{"@id":"https:\/\/www.campodetejada.es\/en\/#website"},"primaryImageOfPage":{"@id":"https:\/\/www.campodetejada.es\/en\/contacto\/#primaryimage"},"image":{"@id":"https:\/\/www.campodetejada.es\/contacto\/#primaryimage"},"thumbnailUrl":"https:\/\/www.campodetejada.es\/wp-content\/uploads\/2016\/05\/logo-campo-1.png","datePublished":"2016-05-12T07:46:56+00:00","dateModified":"2025-10-06T10:13:29+00:00","description":"Comercializadora de productos agr\u00edcolas: cereales, oleaginosas, leguminosas, etc. Contact us. Cooperativa Campo de Tejada, Escacena del Campo (Huelva).","breadcrumb":{"@id":"https:\/\/www.campodetejada.es\/en\/contacto\/#breadcrumb"},"inLanguage":"en-US","potentialAction":[{"@type":"ReadAction","target":[["https:\/\/www.campodetejada.es\/en\/contacto\/"]]}]},{"@type":"ImageObject","inLanguage":"en-US","@id":"https:\/\/www.campodetejada.es\/en\/contacto\/#primaryimage","url":"https:\/\/www.campodetejada.es\/wp-content\/uploads\/2016\/05\/logo-campo-1.png","contentUrl":"https:\/\/www.campodetejada.es\/wp-content\/uploads\/2016\/05\/logo-campo-1.png"},{"@type":"BreadcrumbList","@id":"https:\/\/www.campodetejada.es\/en\/contacto\/#breadcrumb","itemListElement":[{"@type":"ListItem","position":1,"name":"Portada","item":"https:\/\/www.campodetejada.es\/en\/"},{"@type":"ListItem","position":2,"name":"Contacto"}]},{"@type":"WebSite","@id":"https:\/\/www.campodetejada.es\/en\/#website","url":"https:\/\/www.campodetejada.es\/en\/","name":"Campo de Tejada","description":"Sociedad Cooperativa Andaluza","publisher":{"@id":"https:\/\/www.campodetejada.es\/en\/#organization"},"potentialAction":[{"@type":"SearchAction","target":{"@type":"EntryPoint","urlTemplate":"https:\/\/www.campodetejada.es\/en\/?s={search_term_string}"},"query-input":{"@type":"PropertyValueSpecification","valueRequired":true,"valueName":"search_term_string"}}],"inLanguage":"en-US"},{"@type":"Organization","@id":"https:\/\/www.campodetejada.es\/en\/#organization","name":"Campo de Tejada","url":"https:\/\/www.campodetejada.es\/en\/","logo":{"@type":"ImageObject","inLanguage":"en-US","@id":"https:\/\/www.campodetejada.es\/en\/#\/schema\/logo\/image\/","url":"https:\/\/www.campodetejada.es\/wp-content\/uploads\/2016\/12\/logo-campo.png","contentUrl":"https:\/\/www.campodetejada.es\/wp-content\/uploads\/2016\/12\/logo-campo.png","width":453,"height":106,"caption":"Campo de Tejada"},"image":{"@id":"https:\/\/www.campodetejada.es\/en\/#\/schema\/logo\/image\/"},"sameAs":["https:\/\/www.facebook.com\/campodetejada\/"]}]}},"_links":{"self":[{"href":"https:\/\/www.campodetejada.es\/en\/wp-json\/wp\/v2\/pages\/28"}],"collection":[{"href":"https:\/\/www.campodetejada.es\/en\/wp-json\/wp\/v2\/pages"}],"about":[{"href":"https:\/\/www.campodetejada.es\/en\/wp-json\/wp\/v2\/types\/page"}],"author":[{"embeddable":true,"href":"https:\/\/www.campodetejada.es\/en\/wp-json\/wp\/v2\/users\/4"}],"replies":[{"embeddable":true,"href":"https:\/\/www.campodetejada.es\/en\/wp-json\/wp\/v2\/comments?post=28"}],"version-history":[{"count":36,"href":"https:\/\/www.campodetejada.es\/en\/wp-json\/wp\/v2\/pages\/28\/revisions"}],"predecessor-version":[{"id":2945,"href":"https:\/\/www.campodetejada.es\/en\/wp-json\/wp\/v2\/pages\/28\/revisions\/2945"}],"wp:attachment":[{"href":"https:\/\/www.campodetejada.es\/en\/wp-json\/wp\/v2\/media?parent=28"}],"curies":[{"name":"wp","href":"https:\/\/api.w.org\/{rel}","templated":true}]}}