{"id":1331,"date":"2018-12-18T09:48:22","date_gmt":"2018-12-18T08:48:22","guid":{"rendered":"https:\/\/www.campodetejada.es\/es\/?page_id=1331"},"modified":"2021-12-03T11:49:26","modified_gmt":"2021-12-03T10:49:26","slug":"aviso-legal","status":"publish","type":"page","link":"https:\/\/www.campodetejada.es\/en\/aviso-legal\/","title":{"rendered":"Aviso legal"},"content":{"rendered":"<p><\/p>\n<p class=\"texto\"><strong>\u00a9 SOCIEDAD COOPERATIVA ANDALUZA CAMPO DE TEJADA.<\/strong> Todos los derechos reservados.<\/p>\n<p class=\"texto\"><strong>1.SOCIEDAD COOPERATIVA ANDALUZA CAMPO DE TEJADA<\/strong>, en cumplimiento con lo establecido en la Ley 34\/2002, de 11 de julio, de Servicios de la Sociedad de la Informaci\u00f3n y de Comercio Electr\u00f3nico, le informa de que:<\/p>\n<p class=\"texto\">Su denominaci\u00f3n social es SOCIEDAD COOPERATIVA ANDALUZA CAMPO DE TEJADA<\/p>\n<p class=\"texto\">Su CIF es F-21012331<\/p>\n<p class=\"texto\">Inscrita en el Registro General de Cooperativas de la Delegaci\u00f3n de Huelva, hojja 00314 y n\u00famero de inscripci\u00f3n HURCA00314<\/p>\n<p class=\"texto\">Su domicilio social est\u00e1 en CARRETERA DE LA ESTACI\u00d3N S\/N, 21870 de ESCACENA DEL CAMPO (HUELVA).<\/p>\n<p class=\"texto\"><strong>2.SOCIEDAD COOPERATIVA ANDALUZA CAMPO DE TEJADA<\/strong> informa que la Web www.campodetejada.es tiene por objeto facilitar, al p\u00fablico en general, el conocimiento de las actividades que esta empresa realiza y de los productos y servicios que presta.<\/p>\n<p class=\"texto\"><strong>3.SOCIEDAD COOPERATIVA ANDALUZA CAMPO DE TEJADA<\/strong>, de conformidad con lo establecido en el REGLAMENTO (UE) 2016\/679 DEL PARLAMENTO EUROPEO Y DEL CONSEJO de 27 de abril de 2016 y dem\u00e1s normativa en materia de protecci\u00f3n de datos de car\u00e1cter personal, garantiza la seguridad y confidencialidad de los datos facilitados por sus clientes. SOCIEDAD COOPERATIVA ANDALUZA CAMPO DE TEJADA, informa que los datos personales facilitados a trav\u00e9s de los formularios de esta Web o mediante mensajes de correo electr\u00f3nico, ser\u00e1n incorporados en un tratamiento de usuarios web y ser\u00e1n tratados de manera automatizada.<\/p>\n<p class=\"texto\">Mediante el env\u00edo de los formularios existentes en esta Web el remitente da su consentimiento para ser incluido en el mencionado tratamiento con el objeto de suministrarle la informaci\u00f3n solicitada en los formularios o suscripciones.<\/p>\n<p class=\"texto\">En el caso de que el usuario decida cumplimentar alg\u00fan formulario de este sitio Web d\u00f3nde se recaben datos de car\u00e1cter personal se le informa que SOCIEDAD COOPERATIVA ANDALUZA CAMPO DE TEJADA adoptar\u00e1 las medidas de \u00edndole t\u00e9cnica y organizativa necesarias que garanticen la seguridad de los datos suministrados a fin de evitar alteraciones, p\u00e9rdidas, tratamientos o accesos no autorizados, conforme al estado actual de la tecnolog\u00eda y de acuerdo con lo establecido por la normativa vigente.<\/p>\n<p class=\"texto\"><strong>SOCIEDAD COOPERATIVA ANDALUZA CAMPO DE TEJADA<\/strong> sin embargo no puede garantizar la absoluta inexpugnabilidad del sistema, la red de acceso, Internet y por tanto la violaci\u00f3n de los datos mediante accesos fraudulentos a ellos por parte de terceros.<\/p>\n<p class=\"texto\">El usuario responder\u00e1 en cualquier caso de la veracidad de la informaci\u00f3n suministrada y se hace responsable de comunicar a SOCIEDAD COOPERATIVA ANDALUZA CAMPO DE TEJADA cualquier modificaci\u00f3n sobre la misma, quedando SOCIEDAD COOPERATIVA ANDALUZA CAMPO DE TEJADA exento de cualquier responsabilidad en este sentido.<\/p>\n<p class=\"texto\">La finalidad del tratamiento es servir como soporte de informaci\u00f3n a la gesti\u00f3n fiscal, administrativa, comercial, contable de la empresa.<\/p>\n<p class=\"texto\">Si lo desea puede dirigirse a SOCIEDAD COOPERATIVA ANDALUZA CAMPO DE TEJADA, domiciliada en CARRETERA DE LA ESTACI\u00d3N S\/N, 21870 de ESCACENA DEL CAMPO (HUELVA), con el fin de ejercer los derechos de acceso, rectificaci\u00f3n, supresi\u00f3n oposici\u00f3n, derecho a la limitaci\u00f3n del tratamiento y portabilidad de sus datos.<\/p>\n<p class=\"texto\"><strong>4.SOCIEDAD COOPERATIVA ANDALUZA CAMPO DE TEJADA<\/strong> es propietaria o dispone de los debidos permisos relativos a los derechos de propiedad intelectual de este sitio Web y de los elementos contenidos en el mismo: textos, im\u00e1genes, sonidos, v\u00eddeos, marcas, logotipos, dise\u00f1o, etc. En virtud de lo dispuesto en los art\u00edculos 8 y 32.1 de la Ley de Propiedad Intelectual, quedan expresamente prohibidas la reproducci\u00f3n, la distribuci\u00f3n y la comunicaci\u00f3n p\u00fablica, incluida su modalidad de puesta a disposici\u00f3n, de la totalidad o parte de los contenidos de este sitio Web en cualquier soporte y por cualquier medio t\u00e9cnico, sin la autorizaci\u00f3n de SOCIEDAD COOPERATIVA ANDALUZA CAMPO DE TEJADA y\/o de sus respectivos autores o titulares de los derechos.<\/p>\n<p class=\"texto\">El usuario podr\u00e1 visualizar, imprimir, copiar y almacenar los elementos de este sitio Web siempre y cuando sea, \u00fanica y exclusivamente, para su uso personal y privado.<\/p>\n<p class=\"texto\">La utilizaci\u00f3n no autorizada de la informaci\u00f3n contenida en esta Web, as\u00ed como la lesi\u00f3n de los derechos de Propiedad Intelectual o Industrial de SOCIEDAD COOPERATIVA ANDALUZA CAMPO DE TEJADA, dar\u00e1 lugar a las responsabilidades legalmente establecidas.<\/p>\n<p class=\"texto\"><strong>5.SOCIEDAD COOPERATIVA ANDALUZA CAMPO DE TEJADA<\/strong> se reserva el derecho de efectuar sin previo aviso las modificaciones que considere oportunas en su sitio Web pudiendo cambiar, suprimir o a\u00f1adir tanto los contenidos y servicios que se presten a trav\u00e9s de la misma como la forma en la que \u00e9stos aparezcan presentados o localizados.<\/p>\n<p class=\"texto\"><strong>6.SOCIEDAD COOPERATIVA ANDALUZA CAMPO DE TEJADA<\/strong> no garantiza la inexistencia de errores en el acceso a la Web, en su contenido, ni que \u00e9ste se encuentre actualizado, aunque desarrollar\u00e1 sus mejores esfuerzos para, en su caso, evitarlos, subsanarlos o actualizarlos.<\/p>\n<p>SOCIEDAD COOPERATIVA ANDALUZA CAMPO DE TEJADA no se hace responsable, en ning\u00fan caso, de los da\u00f1os y perjuicios de cualquier naturaleza que pudieran ocasionar, a t\u00edtulo enunciativo: errores u omisiones en los contenidos, falta de disponibilidad del portal o la transmisi\u00f3n de virus o programas maliciosos o lesivos en los contenidos, a pesar de haber adoptado todas las medidas tecnol\u00f3gicas necesarias para evitarlo.<\/p>\n<p class=\"texto\"><strong>7.El acceso y utilizaci\u00f3n de este sitio Web le atribuye la condici\u00f3n de usuario<\/strong>, aceptando con dicho acceso las Condiciones de Uso expuestas a continuaci\u00f3n.<\/p>\n<p class=\"texto\"><strong>8. Este sitio Web proporciona al usuario acceso a informaci\u00f3n y contenidos sobre los que el usuario asume la responsabilidad<\/strong>, extendi\u00e9ndose esta al proceso de registro que pudiera ser necesario para acceder a determinados servicios o contenidos.<\/p>\n<p class=\"texto\">En el proceso de registro el usuario ser\u00e1 igualmente responsable de facilitar informaci\u00f3n veraz, leg\u00edtima y actualizada, as\u00ed como de hacer un uso diligente y confidencial de los datos de acceso proporcionados.<\/p>\n<p class=\"texto\">El usuario se compromete a hacer un uso adecuado de la informaci\u00f3n, contenidos y servicios del presente sitio Web y en especial a no realizar ninguna acci\u00f3n que pudiera causar da\u00f1os f\u00edsicos o l\u00f3gicos al sistema as\u00ed como intentar acceder al mismo de modo fraudulento utilizando datos de acceso no autorizados.<\/p>\n<p class=\"texto\">Tanto el acceso a esta Web como el uso que pueda hacerse de la informaci\u00f3n contenida en el mismo es de la exclusiva responsabilidad de quien lo realiza. El usuario ser\u00e1 responsable de todas las acciones que realice con su identificador de usuario. En concreto, ser\u00e1 responsable de escoger, como clave y como recordatorio de la misma, contrase\u00f1as y frases robustas, esto es, cifras y letras e incluso, en los sistemas que lo permitan, signos de puntuaci\u00f3n y caracteres especiales, dif\u00edciles de adivinar. En especial, el usuario evitar\u00e1 escoger palabras del diccionario, palabras que est\u00e9n relacionadas con \u00e9l mismo (nombre de familiar, domicilio, fecha de nacimiento, etc.) o sencillas de adivinar (combinaciones de nombres con meses, prefijos y sufijos, etc.). SOCIEDAD COOPERATIVA ANDALUZA CAMPO DE TEJADA no responder\u00e1 de ninguna consecuencia, da\u00f1o o perjuicio que pudieran derivarse de dicho acceso o uso de la informaci\u00f3n.<\/p>\n<p class=\"texto\">9.Este sitio Web puede utilizar &#8220;cookies&#8221; en su desempe\u00f1o, informando al usuario su objetivo de mejorar la prestaci\u00f3n de los servicios ofrecidos, adaptarlos a las preferencias del usuario y reconocerlo en sus diferentes visitas al sitio. Las cookies se asocian \u00fanicamente a un usuario an\u00f3nimo y su ordenador y no proporcionan referencias que permitan deducir datos personales del mismo.<\/p>\n<p class=\"texto\"><strong>10. El presente aviso legal y condiciones generales se rigen por la legislaci\u00f3n Espa\u00f1ola y cualquier tipo de controversia<\/strong> o litigio relativo al uso de este sitio Web ser\u00e1 interpretado conforme a las leyes vigentes en el lugar de residencia del propietario de este sitio web, teniendo competencia para la resoluci\u00f3n de todo litigio o conflicto que pueda surgir los Juzgados y Tribunales competentes dentro del \u00e1mbito territorial Espa\u00f1ol, renunciando expresamente el usuario a cualquier otro fuero.<\/p>\n<p><\/p>","protected":false},"excerpt":{"rendered":"<p>\u00a9 SOCIEDAD COOPERATIVA ANDALUZA CAMPO DE TEJADA. Todos los derechos [&hellip;]<\/p>\n","protected":false},"author":4,"featured_media":0,"parent":0,"menu_order":0,"comment_status":"closed","ping_status":"closed","template":"","meta":{"footnotes":""},"class_list":["post-1331","page","type-page","status-publish","hentry"],"yoast_head":"<!-- This site is optimized with the Yoast SEO plugin v24.6 - https:\/\/yoast.com\/wordpress\/plugins\/seo\/ -->\n<title>Aviso legal - Cooperativa Campo de Tejada<\/title>\n<meta name=\"description\" content=\"Comercializadora de productos agr\u00edcolas: cereales, oleaginosas, leguminosas, etc. Aviso legal. Cooperativa Campo de Tejada, Escacena del Campo (Huelva).\" \/>\n<meta name=\"robots\" content=\"noindex, nofollow\" \/>\n<meta property=\"og:locale\" content=\"en_US\" \/>\n<meta property=\"og:type\" content=\"article\" \/>\n<meta property=\"og:title\" content=\"Aviso legal - Cooperativa Campo de Tejada\" \/>\n<meta property=\"og:description\" content=\"Comercializadora de productos agr\u00edcolas: cereales, oleaginosas, leguminosas, etc. Aviso legal. Cooperativa Campo de Tejada, Escacena del Campo (Huelva).\" \/>\n<meta property=\"og:url\" content=\"https:\/\/www.campodetejada.es\/en\/aviso-legal\/\" \/>\n<meta property=\"og:site_name\" content=\"Campo de Tejada\" \/>\n<meta property=\"article:publisher\" content=\"https:\/\/www.facebook.com\/campodetejada\/\" \/>\n<meta property=\"article:modified_time\" content=\"2021-12-03T10:49:26+00:00\" \/>\n<meta name=\"twitter:card\" content=\"summary_large_image\" \/>\n<meta name=\"twitter:label1\" content=\"Est. reading time\" \/>\n\t<meta name=\"twitter:data1\" content=\"5 minutes\" \/>\n<script type=\"application\/ld+json\" class=\"yoast-schema-graph\">{\"@context\":\"https:\/\/schema.org\",\"@graph\":[{\"@type\":\"WebPage\",\"@id\":\"https:\/\/www.campodetejada.es\/en\/aviso-legal\/\",\"url\":\"https:\/\/www.campodetejada.es\/en\/aviso-legal\/\",\"name\":\"Aviso legal - Cooperativa Campo de Tejada\",\"isPartOf\":{\"@id\":\"https:\/\/www.campodetejada.es\/en\/#website\"},\"datePublished\":\"2018-12-18T08:48:22+00:00\",\"dateModified\":\"2021-12-03T10:49:26+00:00\",\"description\":\"Comercializadora de productos agr\u00edcolas: cereales, oleaginosas, leguminosas, etc. Aviso legal. Cooperativa Campo de Tejada, Escacena del Campo (Huelva).\",\"breadcrumb\":{\"@id\":\"https:\/\/www.campodetejada.es\/en\/aviso-legal\/#breadcrumb\"},\"inLanguage\":\"en-US\",\"potentialAction\":[{\"@type\":\"ReadAction\",\"target\":[[\"https:\/\/www.campodetejada.es\/en\/aviso-legal\/\"]]}]},{\"@type\":\"BreadcrumbList\",\"@id\":\"https:\/\/www.campodetejada.es\/en\/aviso-legal\/#breadcrumb\",\"itemListElement\":[{\"@type\":\"ListItem\",\"position\":1,\"name\":\"Portada\",\"item\":\"https:\/\/www.campodetejada.es\/en\/\"},{\"@type\":\"ListItem\",\"position\":2,\"name\":\"Aviso legal\"}]},{\"@type\":\"WebSite\",\"@id\":\"https:\/\/www.campodetejada.es\/en\/#website\",\"url\":\"https:\/\/www.campodetejada.es\/en\/\",\"name\":\"Campo de Tejada\",\"description\":\"Sociedad Cooperativa Andaluza\",\"publisher\":{\"@id\":\"https:\/\/www.campodetejada.es\/en\/#organization\"},\"potentialAction\":[{\"@type\":\"SearchAction\",\"target\":{\"@type\":\"EntryPoint\",\"urlTemplate\":\"https:\/\/www.campodetejada.es\/en\/?s={search_term_string}\"},\"query-input\":{\"@type\":\"PropertyValueSpecification\",\"valueRequired\":true,\"valueName\":\"search_term_string\"}}],\"inLanguage\":\"en-US\"},{\"@type\":\"Organization\",\"@id\":\"https:\/\/www.campodetejada.es\/en\/#organization\",\"name\":\"Campo de Tejada\",\"url\":\"https:\/\/www.campodetejada.es\/en\/\",\"logo\":{\"@type\":\"ImageObject\",\"inLanguage\":\"en-US\",\"@id\":\"https:\/\/www.campodetejada.es\/en\/#\/schema\/logo\/image\/\",\"url\":\"https:\/\/www.campodetejada.es\/wp-content\/uploads\/2016\/12\/logo-campo.png\",\"contentUrl\":\"https:\/\/www.campodetejada.es\/wp-content\/uploads\/2016\/12\/logo-campo.png\",\"width\":453,\"height\":106,\"caption\":\"Campo de Tejada\"},\"image\":{\"@id\":\"https:\/\/www.campodetejada.es\/en\/#\/schema\/logo\/image\/\"},\"sameAs\":[\"https:\/\/www.facebook.com\/campodetejada\/\"]}]}<\/script>\n<!-- \/ Yoast SEO plugin. -->","yoast_head_json":{"title":"Aviso legal - Cooperativa Campo de Tejada","description":"Comercializadora de productos agr\u00edcolas: cereales, oleaginosas, leguminosas, etc. Aviso legal. Cooperativa Campo de Tejada, Escacena del Campo (Huelva).","robots":{"index":"noindex","follow":"nofollow"},"og_locale":"en_US","og_type":"article","og_title":"Aviso legal - Cooperativa Campo de Tejada","og_description":"Comercializadora de productos agr\u00edcolas: cereales, oleaginosas, leguminosas, etc. Aviso legal. Cooperativa Campo de Tejada, Escacena del Campo (Huelva).","og_url":"https:\/\/www.campodetejada.es\/en\/aviso-legal\/","og_site_name":"Campo de Tejada","article_publisher":"https:\/\/www.facebook.com\/campodetejada\/","article_modified_time":"2021-12-03T10:49:26+00:00","twitter_card":"summary_large_image","twitter_misc":{"Est. reading time":"5 minutes"},"schema":{"@context":"https:\/\/schema.org","@graph":[{"@type":"WebPage","@id":"https:\/\/www.campodetejada.es\/en\/aviso-legal\/","url":"https:\/\/www.campodetejada.es\/en\/aviso-legal\/","name":"Aviso legal - Cooperativa Campo de Tejada","isPartOf":{"@id":"https:\/\/www.campodetejada.es\/en\/#website"},"datePublished":"2018-12-18T08:48:22+00:00","dateModified":"2021-12-03T10:49:26+00:00","description":"Comercializadora de productos agr\u00edcolas: cereales, oleaginosas, leguminosas, etc. Aviso legal. Cooperativa Campo de Tejada, Escacena del Campo (Huelva).","breadcrumb":{"@id":"https:\/\/www.campodetejada.es\/en\/aviso-legal\/#breadcrumb"},"inLanguage":"en-US","potentialAction":[{"@type":"ReadAction","target":[["https:\/\/www.campodetejada.es\/en\/aviso-legal\/"]]}]},{"@type":"BreadcrumbList","@id":"https:\/\/www.campodetejada.es\/en\/aviso-legal\/#breadcrumb","itemListElement":[{"@type":"ListItem","position":1,"name":"Portada","item":"https:\/\/www.campodetejada.es\/en\/"},{"@type":"ListItem","position":2,"name":"Aviso legal"}]},{"@type":"WebSite","@id":"https:\/\/www.campodetejada.es\/en\/#website","url":"https:\/\/www.campodetejada.es\/en\/","name":"Campo de Tejada","description":"Sociedad Cooperativa Andaluza","publisher":{"@id":"https:\/\/www.campodetejada.es\/en\/#organization"},"potentialAction":[{"@type":"SearchAction","target":{"@type":"EntryPoint","urlTemplate":"https:\/\/www.campodetejada.es\/en\/?s={search_term_string}"},"query-input":{"@type":"PropertyValueSpecification","valueRequired":true,"valueName":"search_term_string"}}],"inLanguage":"en-US"},{"@type":"Organization","@id":"https:\/\/www.campodetejada.es\/en\/#organization","name":"Campo de Tejada","url":"https:\/\/www.campodetejada.es\/en\/","logo":{"@type":"ImageObject","inLanguage":"en-US","@id":"https:\/\/www.campodetejada.es\/en\/#\/schema\/logo\/image\/","url":"https:\/\/www.campodetejada.es\/wp-content\/uploads\/2016\/12\/logo-campo.png","contentUrl":"https:\/\/www.campodetejada.es\/wp-content\/uploads\/2016\/12\/logo-campo.png","width":453,"height":106,"caption":"Campo de Tejada"},"image":{"@id":"https:\/\/www.campodetejada.es\/en\/#\/schema\/logo\/image\/"},"sameAs":["https:\/\/www.facebook.com\/campodetejada\/"]}]}},"_links":{"self":[{"href":"https:\/\/www.campodetejada.es\/en\/wp-json\/wp\/v2\/pages\/1331"}],"collection":[{"href":"https:\/\/www.campodetejada.es\/en\/wp-json\/wp\/v2\/pages"}],"about":[{"href":"https:\/\/www.campodetejada.es\/en\/wp-json\/wp\/v2\/types\/page"}],"author":[{"embeddable":true,"href":"https:\/\/www.campodetejada.es\/en\/wp-json\/wp\/v2\/users\/4"}],"replies":[{"embeddable":true,"href":"https:\/\/www.campodetejada.es\/en\/wp-json\/wp\/v2\/comments?post=1331"}],"version-history":[{"count":5,"href":"https:\/\/www.campodetejada.es\/en\/wp-json\/wp\/v2\/pages\/1331\/revisions"}],"predecessor-version":[{"id":2704,"href":"https:\/\/www.campodetejada.es\/en\/wp-json\/wp\/v2\/pages\/1331\/revisions\/2704"}],"wp:attachment":[{"href":"https:\/\/www.campodetejada.es\/en\/wp-json\/wp\/v2\/media?parent=1331"}],"curies":[{"name":"wp","href":"https:\/\/api.w.org\/{rel}","templated":true}]}}